{"id":8,"date":"2022-02-01T22:12:54","date_gmt":"2022-02-01T21:12:54","guid":{"rendered":"http:\/\/www.elektrotechnik-daberer.at\/?page_id=8"},"modified":"2022-02-06T20:18:12","modified_gmt":"2022-02-06T19:18:12","slug":"ueber-uns","status":"publish","type":"page","link":"https:\/\/www.elektrotechnik-daberer.at\/?page_id=8","title":{"rendered":"\u00dcber uns"},"content":{"rendered":"\n<p>Das Unternehmen EDM wurde Anfang 2021 von Daberer Markus gegr\u00fcndet. EDM ist ein konzessioniertes Elektrotechnik-Unternehmen mit erfahrenen und zuverl\u00e4ssigen Mitarbeitern und einer Produktpalette, die den neuesten Technologien entspricht. Wir legen Wert auf hohe Qualit\u00e4t und Regionalit\u00e4t. Durch einen fortschrittlichen und innovativen Teamgeist verbunden mit st\u00e4ndigen Weiterbildungen und Schulungen ist es uns wichtig, Ihnen im Bereich Beratung, Planung und Komplettl\u00f6sung heute und auch in weiterer Zukunft stets am aktuellsten Stand der neuen Technik zur Seite stehen zu k\u00f6nnen.<\/p>\n","protected":false},"excerpt":{"rendered":"<p>Das Unternehmen EDM wurde Anfang 2021 von Daberer Markus gegr\u00fcndet. EDM ist ein konzessioniertes Elektrotechnik-Unternehmen mit erfahrenen und zuverl\u00e4ssigen Mitarbeitern und einer Produktpalette, die den neuesten Technologien entspricht. Wir legen Wert auf hohe Qualit\u00e4t und Regionalit\u00e4t. Durch einen fortschrittlichen und innovativen Teamgeist verbunden mit st\u00e4ndigen Weiterbildungen und Schulungen ist es uns wichtig, Ihnen im Bereich &hellip; <\/p>\n<p class=\"link-more\"><a href=\"https:\/\/www.elektrotechnik-daberer.at\/?page_id=8\" class=\"more-link\">Mehr <span class=\"screen-reader-text\">\u00fcber &#8222;\u00dcber uns&#8220; <\/span>Lesen<\/a><\/p>\n","protected":false},"author":1,"featured_media":0,"parent":0,"menu_order":0,"comment_status":"closed","ping_status":"closed","template":"","meta":{"footnotes":""},"class_list":["post-8","page","type-page","status-publish","hentry"],"_links":{"self":[{"href":"https:\/\/www.elektrotechnik-daberer.at\/index.php?rest_route=\/wp\/v2\/pages\/8","targetHints":{"allow":["GET"]}}],"collection":[{"href":"https:\/\/www.elektrotechnik-daberer.at\/index.php?rest_route=\/wp\/v2\/pages"}],"about":[{"href":"https:\/\/www.elektrotechnik-daberer.at\/index.php?rest_route=\/wp\/v2\/types\/page"}],"author":[{"embeddable":true,"href":"https:\/\/www.elektrotechnik-daberer.at\/index.php?rest_route=\/wp\/v2\/users\/1"}],"replies":[{"embeddable":true,"href":"https:\/\/www.elektrotechnik-daberer.at\/index.php?rest_route=%2Fwp%2Fv2%2Fcomments&post=8"}],"version-history":[{"count":3,"href":"https:\/\/www.elektrotechnik-daberer.at\/index.php?rest_route=\/wp\/v2\/pages\/8\/revisions"}],"predecessor-version":[{"id":101,"href":"https:\/\/www.elektrotechnik-daberer.at\/index.php?rest_route=\/wp\/v2\/pages\/8\/revisions\/101"}],"wp:attachment":[{"href":"https:\/\/www.elektrotechnik-daberer.at\/index.php?rest_route=%2Fwp%2Fv2%2Fmedia&parent=8"}],"curies":[{"name":"wp","href":"https:\/\/api.w.org\/{rel}","templated":true}]}}